{"id":13688,"date":"2022-12-19T19:13:28","date_gmt":"2022-12-19T19:13:28","guid":{"rendered":"https:\/\/foresightmexico.mx\/?page_id=13688"},"modified":"2023-01-10T19:16:39","modified_gmt":"2023-01-10T19:16:39","slug":"plastic-injection-and-assembly","status":"publish","type":"page","link":"https:\/\/foresightmexico.mx\/es\/plastic-injection-and-assembly\/","title":{"rendered":"Inyecci\u00f3n de pl\u00e1stico y ensamble"},"content":{"rendered":"<div data-vc-full-width=\"true\" data-vc-full-width-init=\"false\" class=\"vc_row wpb_row vc_row-fluid intro-inyeccion vc_row_visible custom-responsive-51828818 vc_custom_1672250386563 vc_row-has-fill vc_row-o-full-height vc_row-o-columns-top vc_row-o-content-top vc_row-flex\"><div class=\"wpb_column vc_column_container vc_col-sm-6 text-left\"><div class=\"vc_column-inner  vc_custom_1590011461650\"><div class=\"wpb_wrapper\"><div class=\"d-inline-block\" ><div class=\"animate-in  d-inline-block\" data-anim-type=\"fade-in-right\" data-anim-delay=\"600\"><div class=\"pix-img-el    text-left d-inline-block  w-100 rounded-0\"  ><img loading=\"lazy\" decoding=\"async\" class=\"card-img2 pix-img-elem rounded-0  h-1002\" style=\"height:auto;\" width=\"839\" height=\"1004\" srcset=\"https:\/\/foresightmexico.mx\/wp-content\/uploads\/2022\/12\/maquina-inyeccion-de-plastico.png 839w, https:\/\/foresightmexico.mx\/wp-content\/uploads\/2022\/12\/maquina-inyeccion-de-plastico-251x300.png 251w, https:\/\/foresightmexico.mx\/wp-content\/uploads\/2022\/12\/maquina-inyeccion-de-plastico-768x919.png 768w\" sizes=\"auto, (max-width: 839px) 100vw, 839px\" src=\"https:\/\/foresightmexico.mx\/wp-content\/uploads\/2022\/12\/maquina-inyeccion-de-plastico.png\" alt=\"\" \/><\/div><\/div><\/div><\/div><\/div><\/div><div class=\"wpb_column vc_column_container vc_col-sm-6 text-left\"><div class=\"vc_column-inner  vc_custom_1590011565991\"><div class=\"wpb_wrapper\"><div class=\"text-left\"><div><h6 class=\"pix-headline my-3  slide-inverse text-primary   secondary-font animate-in\" style=\"\" data-anim-type=\"fade-in-up\" data-anim-delay=\"0\" ><span> <\/span><span class=\"pix-words-wrapper\"><span class=\"is-visible\" >\u00a1El futuro en inyecci\u00f3n de pl\u00e1stico!<\/span> <span class=\"\" >Expertos en dise\u00f1o de modelado pl\u00e1stico<\/span> <\/span><span><\/span><\/h6><\/div><\/div><div id=\"el1671750177151-e17d8c20-ce93\" class=\"mb-3 text-left\"><h2 class=\"mb-32 pix-sliding-headline-2 animate-in font-weight-bold secondary-font\" data-anim-type=\"pix-sliding-text\" pix-anim-delay=\"500\" data-class=\"secondary-font text-heading-default\" style=\"\"><span class=\"slide-in-container\"><span class=\"pix-sliding-item secondary-font text-heading-default\" style=\"transition-delay: 0ms;\">Inyecci\u00f3n&#32;<\/span><\/span> <span class=\"slide-in-container\"><span class=\"pix-sliding-item secondary-font text-heading-default\" style=\"transition-delay: 150ms;\">de&#32;<\/span><\/span> <span class=\"slide-in-container\"><span class=\"pix-sliding-item secondary-font text-heading-default\" style=\"transition-delay: 300ms;\">Pl\u00e1stico&#32;<\/span><\/span> <span class=\"slide-in-container\"><span class=\"pix-sliding-item secondary-font text-heading-default\" style=\"transition-delay: 450ms;\">y&#32;<\/span><\/span> <span class=\"slide-in-container\"><span class=\"pix-sliding-item secondary-font text-heading-default\" style=\"transition-delay: 600ms;\">Ensamble&#32;<\/span><\/span> <\/h2><\/div><div class=\"pix-el-text w-100   vc_custom_1673377874111\" ><p class=\"text-18  text-body-default\" ><span class=\"text-body-default animate-in d-inline-block\" data-anim-delay=\"500\" data-anim-type=\"fade-in-up\">El pl\u00e1stico es fundido en la m\u00e1quina de moldeo y luego inyectado en un molde a alta presi\u00f3n. Dentro del molde, el material es enfriado, solidificado y luego liberado al abrirse las dos mitades del molde.<\/span><\/p><\/div><a  href=\"https:\/\/foresightmexico.mx\/es\/contact\/\" class=\"btn mb-2     btn-primary d-inline-block pix-hover-item       animate-in btn-md\"   data-anim-type=\"fade-in-up\" data-anim-delay=\"600\" ><i class=\"pixicon-mr  pix-hover-left  mr-1\"><\/i> <span class=\"\" >Cont\u00e1ctanos<\/span><\/a><a  href=\"https:\/\/foresightmexico.mx\/es\/engineering-and-design-capacity\/\" class=\"btn mb-2     text-body-default btn-underline-gray-5 d-inline-block pix-hover-item       animate-in btn-md\"   data-anim-type=\"fade-in-left\" data-anim-delay=\"700\" ><span class=\"text-body-default\" >Ver ingenier\u00edas<\/span> <i class=\"pixicon-angle-right  pix-hover-right  ml-1\"><\/i><\/a><\/div><\/div><\/div><div class=\"pix-divider pix-bottom-divider pix-divider-flip-h\" data-style=\"style-8\" style=\"bottom:-1px;\"><svg xmlns=\"http:\/\/www.w3.org\/2000\/svg\" width=\"100%\"  viewbox=\"0 0 1200 366\" preserveaspectratio=\"none\"><g class=\"animate-in\" data-anim-type=\"fade-in-up\" data-anim-delay=\"700\"><polygon fill=\"url(#divider-65570-bottom-overlay-layer-3)\" points=\"0 240 1200 0 1200 366 0 366\" \/><\/g><g class=\"animate-in\" data-anim-type=\"fade-in-up\" data-anim-delay=\"600\"><polygon fill=\"url(#divider-65570-bottom-overlay-layer-2)\" points=\"0 300 1200 60 1200 366 0 366\"  \/><\/g><polygon fill=\"#ffffff\" points=\"0 360 1200 120 1200 366 0 366\"\/><defs><lineargradient id=\"divider-65570-bottom-overlay-layer-3\" x1=\"0%\" y1=\"0%\" x2=\"100%\" y2=\"0%\"><stop offset=\"0%\"   stop-color=\"rgba(52,58,64,0.01)\"\/><stop offset=\"100%\"   stop-color=\"rgba(255,255,255,0.15)\"\/><\/lineargradient><lineargradient id=\"divider-65570-bottom-overlay-layer-2\" x1=\"0%\" y1=\"0%\" x2=\"100%\" y2=\"0%\"><stop offset=\"0%\"   stop-color=\"#3b8fbe\"\/><stop offset=\"100%\"   stop-color=\"#3292f2\"\/><\/lineargradient><\/defs><\/svg><\/div><\/div><div class=\"vc_row-full-width vc_clearfix\"><\/div><section data-vc-full-width=\"true\" data-vc-full-width-init=\"false\" class=\"vc_section vc_section_visible vc_custom_1616975425607 vc_section-has-fill\" data-section-name=\"\"><div class=\"vc_row wpb_row vc_row-fluid vc_row_visible vc_custom_1589753614403\"><div class=\"wpb_column vc_column_container vc_col-sm-12 text-left\"><div class=\"vc_column-inner\"><div class=\"wpb_wrapper\"><div id=\"el1671751379696-8e4c408c-430e\" class=\"mb-3 text-center  vc_custom_1672876599515\"><h3 class=\"mb-32 pix-sliding-headline-2 animate-in font-weight-bold secondary-font\" data-anim-type=\"pix-sliding-text\" pix-anim-delay=\"500\" data-class=\"secondary-font text-heading-default\" style=\"\"><span class=\"slide-in-container\"><span class=\"pix-sliding-item secondary-font text-heading-default\" style=\"transition-delay: 0ms;\">Materiales&#32;<\/span><\/span> <span class=\"slide-in-container\"><span class=\"pix-sliding-item secondary-font text-heading-default\" style=\"transition-delay: 150ms;\">Utilizados&#32;<\/span><\/span> <\/h3><\/div><div class=\"pix-el-text w-100 text-center  vc_custom_1673377939213\" ><div class=\"d-inline-block\" style=\"max-width:600px;\"><p class=\"text-20  text-body-default text-center\" ><span class=\"text-body-default animate-in d-inline-block\" data-anim-delay=\"200\" data-anim-type=\"fade-in-up\">Descubre los usos potenciales de estos materiales dentro de la industria automotriz.<\/span><\/p><\/div><\/div><div class=\"d-block w-100 text-center\"><a  href=\"https:\/\/foresightmexico.mx\/es\/contact\/\" class=\"btn mb-2     btn-underline-primary d-inline-block pix-hover-item  no-padding     animate-in pix-btn-div btn-md\"   data-anim-type=\"fade-in-up\" data-anim-delay=\"400\" ><i class=\"pixicon-angle-right  pix-hover-left  mr-1\"><\/i> <span class=\"\" >Haznos tus proveedores<\/span><\/a><\/div><\/div><\/div><\/div><\/div><div data-vc-full-width=\"true\" data-vc-full-width-init=\"false\" class=\"vc_row wpb_row vc_row-fluid vc_row_visible custom-responsive-110509345 vc_custom_1673032648423 vc_column-gap-10\"><div class=\"wpb_column vc_column_container vc_col-sm-4 text-left\"><div class=\"vc_column-inner\"><div class=\"wpb_wrapper\"><div id=\"1607913718036-af97d663-59d8\" class=\"media  vc_custom_1673377957746\"><div class=\"mr-3 feature_img\"   style=\"position:relative;text-align:center;\"><i style=\"display:inline-block;font-size:64px;min-width:64px;line-height:64px;\" class=\"text-primary align-middle pixicon-check-circle-2\"><\/i><\/div><div class=\"media-body text-left\"><h5 class=\"secondary-font text-heading-default\" style=\"\"  >Nylon<\/h5><div class=\"text-body-default text-18    text-justify\" style=\"padding-top:5px;\"  >Fibra textil el\u00e1stica y muy resistente.<\/div><\/div><\/div><\/div><\/div><\/div><div class=\"wpb_column vc_column_container vc_col-sm-4 text-left\"><div class=\"vc_column-inner\"><div class=\"wpb_wrapper\"><div id=\"1613526908919-91c92961-7cfd\" class=\"media  vc_custom_1673377966229\"><div class=\"mr-3 feature_img\"   style=\"position:relative;text-align:center;\"><i style=\"display:inline-block;font-size:64px;min-width:64px;line-height:64px;\" class=\"text-primary align-middle pixicon-check-circle-2\"><\/i><\/div><div class=\"media-body text-left\"><h5 class=\"secondary-font text-heading-default\" style=\"\"  >Acetal<\/h5><div class=\"text-body-default text-18    text-justify\" style=\"padding-top:5px;\"  >Pl\u00e1stico de alta resistencia mec\u00e1nica y rigidez.<\/div><\/div><\/div><\/div><\/div><\/div><div class=\"wpb_column vc_column_container vc_col-sm-4 text-left\"><div class=\"vc_column-inner\"><div class=\"wpb_wrapper\"><div id=\"1607913718038-6917622f-cf64\" class=\"media  vc_custom_1673377980294\"><div class=\"mr-3 feature_img\"   style=\"position:relative;text-align:center;\"><i style=\"display:inline-block;font-size:48px;min-width:48px;line-height:48px;\" class=\"text-primary align-middle pixicon-check-circle-2\"><\/i><\/div><div class=\"media-body text-left\"><h5 class=\"secondary-font text-heading-default\" style=\"\"  >Poliestireno<\/h5><div class=\"text-body-default text-18    text-justify\" style=\"padding-top:5px;\"  >Utilizado para fabricar una amplia variedad de productos. <\/div><\/div><\/div><\/div><\/div><\/div><\/div><div class=\"vc_row-full-width vc_clearfix\"><\/div><div data-vc-full-width=\"true\" data-vc-full-width-init=\"false\" class=\"vc_row wpb_row vc_row-fluid vc_row_visible vc_column-gap-10\"><div class=\"wpb_column vc_column_container vc_col-sm-4 text-left\"><div class=\"vc_column-inner\"><div class=\"wpb_wrapper\"><div id=\"1613527110847-a656ea35-6055\" class=\"media  vc_custom_1673377993257\"><div class=\"mr-3 feature_img\"   style=\"position:relative;text-align:center;\"><i style=\"display:inline-block;font-size:64px;min-width:64px;line-height:64px;\" class=\"text-primary align-middle pixicon-check-circle-2\"><\/i><\/div><div class=\"media-body text-left\"><h5 class=\"secondary-font text-heading-default\" style=\"\"  >Policarbonato<\/h5><div class=\"text-body-default text-18    text-justify\" style=\"padding-top:5px;\"  >Material pl\u00e1stico, ligero y resistente.<\/div><\/div><\/div><\/div><\/div><\/div><div class=\"wpb_column vc_column_container vc_col-sm-4 text-left\"><div class=\"vc_column-inner\"><div class=\"wpb_wrapper\"><div id=\"1613527110850-d162b9bd-076e\" class=\"media  vc_custom_1673378010212\"><div class=\"mr-3 feature_img\"   style=\"position:relative;text-align:center;\"><i style=\"display:inline-block;font-size:64px;min-width:64px;line-height:64px;\" class=\"text-primary align-middle pixicon-check-circle-2\"><\/i><\/div><div class=\"media-body text-left\"><h5 class=\"secondary-font text-heading-default\" style=\"\"  >Acr\u00edlicos<\/h5><div class=\"text-body-default text-18    text-justify\" style=\"padding-top:5px;\"  >Material termopl\u00e1stico r\u00edgido y transparente.<\/div><\/div><\/div><\/div><\/div><\/div><div class=\"wpb_column vc_column_container vc_col-sm-4 text-left\"><div class=\"vc_column-inner\"><div class=\"wpb_wrapper\"><div id=\"1613527110852-e0fb99cd-90f5\" class=\"media  vc_custom_1673378025261\"><div class=\"mr-3 feature_img\"   style=\"position:relative;text-align:center;\"><i style=\"display:inline-block;font-size:48px;min-width:48px;line-height:48px;\" class=\"text-primary align-middle pixicon-check-circle-2\"><\/i><\/div><div class=\"media-body text-left\"><h5 class=\"secondary-font text-heading-default\" style=\"\"  >Policloruro de vinilo<\/h5><div class=\"text-body-default text-18    text-justify\" style=\"padding-top:5px;\"  >Es el m\u00e1s utilizado en aplicaciones de construcci\u00f3n.<\/div><\/div><\/div><\/div><\/div><\/div><\/div><div class=\"vc_row-full-width vc_clearfix\"><\/div><div data-vc-full-width=\"true\" data-vc-full-width-init=\"false\" class=\"vc_row wpb_row vc_row-fluid vc_row_visible vc_column-gap-10\"><div class=\"wpb_column vc_column_container vc_col-sm-4 text-left\"><div class=\"vc_column-inner\"><div class=\"wpb_wrapper\"><div id=\"1671751286068-1c4d5cde-3d52\" class=\"media  vc_custom_1673378041425\"><div class=\"mr-3 feature_img\"   style=\"position:relative;text-align:center;\"><i style=\"display:inline-block;font-size:64px;min-width:64px;line-height:64px;\" class=\"text-primary align-middle pixicon-check-circle-2\"><\/i><\/div><div class=\"media-body text-left\"><h5 class=\"secondary-font text-heading-default\" style=\"\"  >Politetrafluoroetileno<\/h5><div class=\"text-body-default text-18    text-justify\" style=\"padding-top:5px;\"  >Resina sint\u00e9tica fuerte y no flamable.<\/div><\/div><\/div><\/div><\/div><\/div><div class=\"wpb_column vc_column_container vc_col-sm-4 text-left\"><div class=\"vc_column-inner\"><div class=\"wpb_wrapper\"><div id=\"1671751286213-78b3e84c-8ab8\" class=\"media  vc_custom_1673378054190\"><div class=\"mr-3 feature_img\"   style=\"position:relative;text-align:center;\"><i style=\"display:inline-block;font-size:64px;min-width:64px;line-height:64px;\" class=\"text-primary align-middle pixicon-check-circle-2\"><\/i><\/div><div class=\"media-body text-left\"><h5 class=\"secondary-font text-heading-default\" style=\"\"  >Acrilonitrilo butadieno estireno<\/h5><div class=\"text-body-default text-18    text-justify\" style=\"padding-top:5px;\"  >Termopl\u00e1stico resistente al calor y a los impactos.<\/div><\/div><\/div><\/div><\/div><\/div><div class=\"wpb_column vc_column_container vc_col-sm-4 text-left\"><div class=\"vc_column-inner\"><div class=\"wpb_wrapper\"><div id=\"1671751286398-a3db948e-37c9\" class=\"media  vc_custom_1673378068600\"><div class=\"mr-3 feature_img\"   style=\"position:relative;text-align:center;\"><i style=\"display:inline-block;font-size:48px;min-width:48px;line-height:48px;\" class=\"text-primary align-middle pixicon-check-circle-2\"><\/i><\/div><div class=\"media-body text-left\"><h5 class=\"secondary-font text-heading-default\" style=\"\"  >Pl\u00e1sticos reforzados con fibras<\/h5><div class=\"text-body-default text-18    text-justify\" style=\"padding-top:5px;\"  >Material hecho con fibra de vidrio y resina.<\/div><\/div><\/div><\/div><\/div><\/div><\/div><div class=\"vc_row-full-width vc_clearfix\"><\/div><\/section><div class=\"vc_row-full-width vc_clearfix\"><\/div><section data-vc-full-width=\"true\" data-vc-full-width-init=\"false\" class=\"vc_section vc_section_visible vc_custom_1592881136577 vc_section-has-fill\" data-section-name=\"\"><div data-vc-full-width=\"true\" data-vc-full-width-init=\"false\" class=\"vc_row wpb_row vc_row-fluid vc_row_visible vc_custom_1671479169779 pix-scale-in-sm vc_row-o-content-middle vc_row-flex\"><div class=\"wpb_column vc_column_container vc_col-sm-4 text-left\"><div class=\"vc_column-inner\"><div class=\"wpb_wrapper\"><div class=\"card mb-3 mb-sm-0 pix-info-card   shadow-lg shadow-hover-lg scale-sm  animate-in\" data-anim-type=\"fade-in-up\" data-anim-delay=\"0\"><div class=\"card-inner\"><a href=\"#\" ><div class=\"card-img-overlay p-0 d-flex flex-column justify-content-end animating fade-in-up\"><div class=\"card-img-overlay-content card-content-box bg-dark-opacity-2 pix-p-20\" ><h6 class=\"card-text font-weight-bold text-light-opacity-7  animate-in\" data-anim-type=\"fade-in\" data-anim-delay=\"800\" style=\"\">Inyecci\u00f3n de pl\u00e1stico<\/h6><h4 class=\"text-white font-weight-bold mb-0 animate-in\" data-anim-type=\"fade-in\" data-anim-delay=\"400\" style=\"\">Ventilas de Aire<\/h4><\/div><\/div><img decoding=\"async\" class=\"card-img-bottom animating fade-in-Img\" src=\"https:\/\/foresightmexico.mx\/wp-content\/uploads\/2022\/12\/ventila-aire-01.jpg\" alt=\"\"><\/a><\/div><\/div><\/div><\/div><\/div><div class=\"wpb_column vc_column_container vc_col-sm-4 text-left\"><div class=\"vc_column-inner\"><div class=\"wpb_wrapper\"><div class=\"card mb-3 mb-sm-0 pix-info-card   shadow-lg shadow-hover-lg scale-sm  animate-in\" data-anim-type=\"fade-in-up\" data-anim-delay=\"0\"><div class=\"card-inner\"><a href=\"#\" ><div class=\"card-img-overlay p-0 d-flex flex-column justify-content-end animating fade-in-up\"><div class=\"card-img-overlay-content card-content-box bg-dark-opacity-2 pix-p-20\" ><h6 class=\"card-text font-weight-bold text-light-opacity-7  animate-in\" data-anim-type=\"fade-in\" data-anim-delay=\"800\" style=\"\">Inyecci\u00f3n de pl\u00e1stico<\/h6><h4 class=\"text-white font-weight-bold mb-0 animate-in\" data-anim-type=\"fade-in\" data-anim-delay=\"400\" style=\"\">Ventilas de Aire<\/h4><\/div><\/div><img decoding=\"async\" class=\"card-img-bottom animating fade-in-Img\" src=\"https:\/\/foresightmexico.mx\/wp-content\/uploads\/2022\/12\/ventila-aire-03.jpg\" alt=\"\"><\/a><\/div><\/div><\/div><\/div><\/div><div class=\"wpb_column vc_column_container vc_col-sm-4 text-left\"><div class=\"vc_column-inner\"><div class=\"wpb_wrapper\"><div class=\"card mb-3 mb-sm-0 pix-info-card   shadow-lg shadow-hover-lg scale-sm  animate-in\" data-anim-type=\"fade-in-up\" data-anim-delay=\"0\"><div class=\"card-inner\"><a href=\"#\" ><div class=\"card-img-overlay p-0 d-flex flex-column justify-content-end animating fade-in-up\"><div class=\"card-img-overlay-content card-content-box bg-dark-opacity-2 pix-p-20\" ><h6 class=\"card-text font-weight-bold text-light-opacity-7  animate-in\" data-anim-type=\"fade-in\" data-anim-delay=\"800\" style=\"\">Inyecci\u00f3n de pl\u00e1stico<\/h6><h4 class=\"text-white font-weight-bold mb-0 animate-in\" data-anim-type=\"fade-in\" data-anim-delay=\"400\" style=\"\">Ventilas de Aire<\/h4><\/div><\/div><img decoding=\"async\" class=\"card-img-bottom animating fade-in-Img\" src=\"https:\/\/foresightmexico.mx\/wp-content\/uploads\/2022\/12\/ventila-aire-02.jpg\" alt=\"\"><\/a><\/div><\/div><\/div><\/div><\/div><\/div><div class=\"vc_row-full-width vc_clearfix\"><\/div><div data-vc-full-width=\"true\" data-vc-full-width-init=\"false\" class=\"vc_row wpb_row vc_row-fluid vc_row_visible vc_custom_1671479150172 pix-scale-in-sm vc_row-o-content-middle vc_row-flex\"><div class=\"wpb_column vc_column_container vc_col-sm-4 text-left\"><div class=\"vc_column-inner\"><div class=\"wpb_wrapper\"><div class=\"card mb-3 mb-sm-0 pix-info-card   shadow-lg shadow-hover-lg scale-sm  animate-in\" data-anim-type=\"fade-in-up\" data-anim-delay=\"0\"><div class=\"card-inner\"><a href=\"#\" ><div class=\"card-img-overlay p-0 d-flex flex-column justify-content-end animating fade-in-up\"><div class=\"card-img-overlay-content card-content-box bg-dark-opacity-2 pix-p-20\" ><h6 class=\"card-text font-weight-bold text-light-opacity-7  animate-in\" data-anim-type=\"fade-in\" data-anim-delay=\"800\" style=\"\">Inyecci\u00f3n de pl\u00e1stico<\/h6><h4 class=\"text-white font-weight-bold mb-0 animate-in\" data-anim-type=\"fade-in\" data-anim-delay=\"400\" style=\"\">Cenicero<\/h4><\/div><\/div><img decoding=\"async\" class=\"card-img-bottom animating fade-in-Img\" src=\"https:\/\/foresightmexico.mx\/wp-content\/uploads\/2022\/12\/cenicero.jpg\" alt=\"\"><\/a><\/div><\/div><\/div><\/div><\/div><div class=\"wpb_column vc_column_container vc_col-sm-4 text-left\"><div class=\"vc_column-inner\"><div class=\"wpb_wrapper\"><div class=\"card mb-3 mb-sm-0 pix-info-card   shadow-lg shadow-hover-lg scale-sm  animate-in\" data-anim-type=\"fade-in-up\" data-anim-delay=\"0\"><div class=\"card-inner\"><a href=\"#\" ><div class=\"card-img-overlay p-0 d-flex flex-column justify-content-end animating fade-in-up\"><div class=\"card-img-overlay-content card-content-box bg-dark-opacity-2 pix-p-20\" ><h6 class=\"card-text font-weight-bold text-light-opacity-7  animate-in\" data-anim-type=\"fade-in\" data-anim-delay=\"800\" style=\"\">Inyecci\u00f3n de pl\u00e1stico<\/h6><h4 class=\"text-white font-weight-bold mb-0 animate-in\" data-anim-type=\"fade-in\" data-anim-delay=\"400\" style=\"\">Cenicero<\/h4><\/div><\/div><img decoding=\"async\" class=\"card-img-bottom animating fade-in-Img\" src=\"https:\/\/foresightmexico.mx\/wp-content\/uploads\/2022\/12\/cenicero-02.jpg\" alt=\"\"><\/a><\/div><\/div><\/div><\/div><\/div><div class=\"wpb_column vc_column_container vc_col-sm-4 text-left\"><div class=\"vc_column-inner\"><div class=\"wpb_wrapper\"><div class=\"card mb-3 mb-sm-0 pix-info-card   shadow-lg shadow-hover-lg scale-sm  animate-in\" data-anim-type=\"fade-in-up\" data-anim-delay=\"0\"><div class=\"card-inner\"><a href=\"#\" ><div class=\"card-img-overlay p-0 d-flex flex-column justify-content-end animating fade-in-up\"><div class=\"card-img-overlay-content card-content-box bg-dark-opacity-2 pix-p-20\" ><h6 class=\"card-text font-weight-bold text-light-opacity-7  animate-in\" data-anim-type=\"fade-in\" data-anim-delay=\"800\" style=\"\">Inyecci\u00f3n de pl\u00e1stico<\/h6><h4 class=\"text-white font-weight-bold mb-0 animate-in\" data-anim-type=\"fade-in\" data-anim-delay=\"400\" style=\"\">Portavaso<\/h4><\/div><\/div><img decoding=\"async\" class=\"card-img-bottom animating fade-in-Img\" src=\"https:\/\/foresightmexico.mx\/wp-content\/uploads\/2022\/12\/portavasos.jpg\" alt=\"\"><\/a><\/div><\/div><\/div><\/div><\/div><\/div><div class=\"vc_row-full-width vc_clearfix\"><\/div><div data-vc-full-width=\"true\" data-vc-full-width-init=\"false\" class=\"vc_row wpb_row vc_row-fluid vc_row_visible vc_custom_1671479132566 pix-scale-in-sm vc_row-o-content-middle vc_row-flex\"><div class=\"wpb_column vc_column_container vc_col-sm-4 text-left\"><div class=\"vc_column-inner\"><div class=\"wpb_wrapper\"><div class=\"card mb-3 mb-sm-0 pix-info-card   shadow-lg shadow-hover-lg scale-sm  animate-in\" data-anim-type=\"fade-in-up\" data-anim-delay=\"0\"><div class=\"card-inner\"><a href=\"#\" ><div class=\"card-img-overlay p-0 d-flex flex-column justify-content-end animating fade-in-up\"><div class=\"card-img-overlay-content card-content-box bg-dark-opacity-2 pix-p-20\" ><h6 class=\"card-text font-weight-bold text-light-opacity-7  animate-in\" data-anim-type=\"fade-in\" data-anim-delay=\"800\" style=\"\">Inyecci\u00f3n de pl\u00e1stico<\/h6><h4 class=\"text-white font-weight-bold mb-0 animate-in\" data-anim-type=\"fade-in\" data-anim-delay=\"400\" style=\"\">Descansabrazos<\/h4><\/div><\/div><img decoding=\"async\" class=\"card-img-bottom animating fade-in-Img\" src=\"https:\/\/foresightmexico.mx\/wp-content\/uploads\/2022\/12\/descansabrazos.jpg\" alt=\"\"><\/a><\/div><\/div><\/div><\/div><\/div><div class=\"wpb_column vc_column_container vc_col-sm-4 text-left\"><div class=\"vc_column-inner\"><div class=\"wpb_wrapper\"><div class=\"card mb-3 mb-sm-0 pix-info-card   shadow-lg shadow-hover-lg scale-sm  animate-in\" data-anim-type=\"fade-in-up\" data-anim-delay=\"0\"><div class=\"card-inner\"><a href=\"#\" ><div class=\"card-img-overlay p-0 d-flex flex-column justify-content-end animating fade-in-up\"><div class=\"card-img-overlay-content card-content-box bg-dark-opacity-2 pix-p-20\" ><h6 class=\"card-text font-weight-bold text-light-opacity-7  animate-in\" data-anim-type=\"fade-in\" data-anim-delay=\"800\" style=\"\">Inyecci\u00f3n de pl\u00e1stico<\/h6><h4 class=\"text-white font-weight-bold mb-0 animate-in\" data-anim-type=\"fade-in\" data-anim-delay=\"400\" style=\"\">Manija<\/h4><\/div><\/div><img decoding=\"async\" class=\"card-img-bottom animating fade-in-Img\" src=\"https:\/\/foresightmexico.mx\/wp-content\/uploads\/2022\/12\/manija.jpg\" alt=\"\"><\/a><\/div><\/div><\/div><\/div><\/div><div class=\"wpb_column vc_column_container vc_col-sm-4 text-left\"><div class=\"vc_column-inner\"><div class=\"wpb_wrapper\"><div class=\"card mb-3 mb-sm-0 pix-info-card   shadow-lg shadow-hover-lg scale-sm  animate-in\" data-anim-type=\"fade-in-up\" data-anim-delay=\"0\"><div class=\"card-inner\"><a href=\"#\" ><div class=\"card-img-overlay p-0 d-flex flex-column justify-content-end animating fade-in-up\"><div class=\"card-img-overlay-content card-content-box bg-dark-opacity-2 pix-p-20\" ><h6 class=\"card-text font-weight-bold text-light-opacity-7  animate-in\" data-anim-type=\"fade-in\" data-anim-delay=\"800\" style=\"\">Inyecci\u00f3n de pl\u00e1stico<\/h6><h4 class=\"text-white font-weight-bold mb-0 animate-in\" data-anim-type=\"fade-in\" data-anim-delay=\"400\" style=\"\">Manija<\/h4><\/div><\/div><img decoding=\"async\" class=\"card-img-bottom animating fade-in-Img\" src=\"https:\/\/foresightmexico.mx\/wp-content\/uploads\/2022\/12\/manija-02.jpg\" alt=\"\"><\/a><\/div><\/div><\/div><\/div><\/div><\/div><div class=\"vc_row-full-width vc_clearfix\"><\/div><\/section><div class=\"vc_row-full-width vc_clearfix\"><\/div>","protected":false},"excerpt":{"rendered":"Plastic injection future! Experts in plastic modeling design Inyecci\u00f3n&#32; de&#32; Pl\u00e1stico&#32; y&#32; Ensamble&#32; The plastic is melted in the modeling machine and then injected into a mold at high pressure. Inside the mold, the material is cooled, solidified and then...","protected":false},"author":1,"featured_media":0,"parent":0,"menu_order":0,"comment_status":"closed","ping_status":"closed","template":"","meta":{"footnotes":""},"class_list":["post-13688","page","type-page","status-publish","hentry"],"_links":{"self":[{"href":"https:\/\/foresightmexico.mx\/es\/wp-json\/wp\/v2\/pages\/13688","targetHints":{"allow":["GET"]}}],"collection":[{"href":"https:\/\/foresightmexico.mx\/es\/wp-json\/wp\/v2\/pages"}],"about":[{"href":"https:\/\/foresightmexico.mx\/es\/wp-json\/wp\/v2\/types\/page"}],"author":[{"embeddable":true,"href":"https:\/\/foresightmexico.mx\/es\/wp-json\/wp\/v2\/users\/1"}],"replies":[{"embeddable":true,"href":"https:\/\/foresightmexico.mx\/es\/wp-json\/wp\/v2\/comments?post=13688"}],"version-history":[{"count":17,"href":"https:\/\/foresightmexico.mx\/es\/wp-json\/wp\/v2\/pages\/13688\/revisions"}],"predecessor-version":[{"id":14004,"href":"https:\/\/foresightmexico.mx\/es\/wp-json\/wp\/v2\/pages\/13688\/revisions\/14004"}],"wp:attachment":[{"href":"https:\/\/foresightmexico.mx\/es\/wp-json\/wp\/v2\/media?parent=13688"}],"curies":[{"name":"wp","href":"https:\/\/api.w.org\/{rel}","templated":true}]}}